{"id":11812,"date":"2016-06-22T08:18:13","date_gmt":"2016-06-22T08:18:13","guid":{"rendered":"http:\/\/template.cmsmasters.net\/?page_id=11812"},"modified":"2023-10-10T16:24:49","modified_gmt":"2023-10-10T13:24:49","slug":"restoran","status":"publish","type":"page","link":"https:\/\/businesslifegunesli.com\/index.php\/restoran\/","title":{"rendered":"RESTORAN"},"content":{"rendered":"<div id=\"cmsmasters_row_a238d4fa81\" class=\"cmsmasters_row cmsmasters_color_scheme_default cmsmasters_row_top_default cmsmasters_row_bot_default cmsmasters_row_boxed\">\n<div class=\"cmsmasters_row_outer_parent\">\n<div class=\"cmsmasters_row_outer\">\n<div class=\"cmsmasters_row_inner\">\n<div class=\"cmsmasters_row_margin\">\n<div id=\"cmsmasters_column_f77c8e6d30\" class=\"cmsmasters_column one_first\">\n<div class=\"cmsmasters_column_inner\"><div id=\"cmsmasters_heading_f936a1f7a2\" class=\"cmsmasters_heading_wrap cmsmasters_heading_align_center\">\n\t<h3 class=\"cmsmasters_heading\"><\/h3>\n<\/div><div class=\"aligncenter\"><div class=\"cmsmasters_img  cmsmasters_image_c\" data-animation=\"bounceInDown\" data-delay=\"500\"><img decoding=\"async\" src=\"https:\/\/businesslifegunesli.com\/wp-content\/uploads\/2023\/08\/sisli-rest1-860x574.jpg\" \/><\/div><\/div>\n<\/div><\/div>\n<\/div>\n<\/div>\n<\/div>\n<\/div>\n<\/div>\n<div id=\"cmsmasters_row_916f209bd5\" class=\"cmsmasters_row cmsmasters_color_scheme_default cmsmasters_row_top_default cmsmasters_row_bot_default cmsmasters_row_boxed\">\n<div class=\"cmsmasters_row_outer_parent\">\n<div class=\"cmsmasters_row_outer\">\n<div class=\"cmsmasters_row_inner\">\n<div class=\"cmsmasters_row_margin cmsmasters_row_columns_behavior\">\n<div id=\"cmsmasters_column_e2beccf01e\" class=\"cmsmasters_column one_third\">\n<div class=\"cmsmasters_column_inner\"><div class=\"cmsmasters_text\">\n<p>\u0130ster \u00c7ay , \u0130ster Kahve ile ,<br \/>\nG\u00fcne Zinde Ba\u015flang\u0131\u00e7..<\/p>\n<\/div>\n<div id=\"cmsmasters_fb_g44mm04fiq\" class=\"cmsmasters_featured_block\" data-animation=\"fadeInLeftBig\" data-delay=\"0\">\n<div class=\"featured_block_inner\">\n<div class=\"featured_block_text\"><\/div>\n<\/div>\n<\/div>\n<\/div><\/div>\n<div id=\"cmsmasters_column_7df7fba768\" class=\"cmsmasters_column one_third\">\n<div class=\"cmsmasters_column_inner\"><div class=\"cmsmasters_text\">\n<p style=\"font-weight: 400;\">07:00-10:00 saatleri aras\u0131nda lezzetli ve zengin a\u00e7\u0131k b\u00fcfe kahvalt\u0131 servisimiz ile hizmetinizdeyiz.<\/p>\n<\/div>\n<div id=\"cmsmasters_fb_6wkk8w53s\" class=\"cmsmasters_featured_block\" data-animation=\"fadeInDownBig\" data-delay=\"0\">\n<div class=\"featured_block_inner\">\n<div class=\"featured_block_text\"><\/div>\n<\/div>\n<\/div>\n<\/div><\/div>\n<div id=\"cmsmasters_column_59ae3c9120\" class=\"cmsmasters_column one_third\">\n<div class=\"cmsmasters_column_inner\"><div class=\"cmsmasters_text\">\n<p>Kahvalt\u0131 servisimiz, d\u0131\u015far\u0131dan gelen misafirlerimize de \u00fccretli olarak servis edilebilmektedir.<\/p>\n<\/div>\n<div id=\"cmsmasters_fb_ez9b9aftbk\" class=\"cmsmasters_featured_block\" data-animation=\"lightSpeedIn\" data-delay=\"0\">\n<div class=\"featured_block_inner\">\n<div class=\"featured_block_text\"><\/div>\n<\/div>\n<\/div>\n<\/div><\/div>\n<\/div>\n<\/div>\n<\/div>\n<\/div>\n<\/div>\n<div id=\"cmsmasters_row_dzrd3ob2qj\" class=\"cmsmasters_row cmsmasters_color_scheme_default cmsmasters_row_top_default cmsmasters_row_bot_default cmsmasters_row_boxed\">\n<div class=\"cmsmasters_row_outer_parent\">\n<div class=\"cmsmasters_row_outer\">\n<div class=\"cmsmasters_row_inner\">\n<div class=\"cmsmasters_row_margin\">\n<div id=\"cmsmasters_column_3zfumth8g\" class=\"cmsmasters_column one_first\">\n<div class=\"cmsmasters_column_inner\"><\/div><\/div>\n<\/div>\n<\/div>\n<\/div>\n<\/div>\n<\/div>\n<div id=\"cmsmasters_row_o9e0cesb3x\" class=\"cmsmasters_row cmsmasters_color_scheme_default cmsmasters_row_top_default cmsmasters_row_bot_default cmsmasters_row_boxed\">\n<div class=\"cmsmasters_row_outer_parent\">\n<div class=\"cmsmasters_row_outer\">\n<div class=\"cmsmasters_row_inner\">\n<div class=\"cmsmasters_row_margin\">\n<div id=\"cmsmasters_column_rtmjmn33w9\" class=\"cmsmasters_column one_first\">\n<div class=\"cmsmasters_column_inner\"><\/div><\/div>\n<\/div>\n<\/div>\n<\/div>\n<\/div>\n<\/div>\n\n","protected":false},"excerpt":{"rendered":"","protected":false},"author":3,"featured_media":0,"parent":0,"menu_order":0,"comment_status":"closed","ping_status":"closed","template":"","meta":{"footnotes":""},"class_list":["post-11812","page","type-page","status-publish","hentry"],"_links":{"self":[{"href":"https:\/\/businesslifegunesli.com\/index.php\/wp-json\/wp\/v2\/pages\/11812","targetHints":{"allow":["GET"]}}],"collection":[{"href":"https:\/\/businesslifegunesli.com\/index.php\/wp-json\/wp\/v2\/pages"}],"about":[{"href":"https:\/\/businesslifegunesli.com\/index.php\/wp-json\/wp\/v2\/types\/page"}],"author":[{"embeddable":true,"href":"https:\/\/businesslifegunesli.com\/index.php\/wp-json\/wp\/v2\/users\/3"}],"replies":[{"embeddable":true,"href":"https:\/\/businesslifegunesli.com\/index.php\/wp-json\/wp\/v2\/comments?post=11812"}],"version-history":[{"count":7,"href":"https:\/\/businesslifegunesli.com\/index.php\/wp-json\/wp\/v2\/pages\/11812\/revisions"}],"predecessor-version":[{"id":15239,"href":"https:\/\/businesslifegunesli.com\/index.php\/wp-json\/wp\/v2\/pages\/11812\/revisions\/15239"}],"wp:attachment":[{"href":"https:\/\/businesslifegunesli.com\/index.php\/wp-json\/wp\/v2\/media?parent=11812"}],"curies":[{"name":"wp","href":"https:\/\/api.w.org\/{rel}","templated":true}]}}