{"id":15231,"date":"2023-10-10T14:35:30","date_gmt":"2023-10-10T11:35:30","guid":{"rendered":"https:\/\/businesslifegunesli.com\/?page_id=15231"},"modified":"2023-10-10T15:10:55","modified_gmt":"2023-10-10T12:10:55","slug":"en","status":"publish","type":"page","link":"https:\/\/businesslifegunesli.com\/index.php\/en\/","title":{"rendered":"en"},"content":{"rendered":"<div id=\"cmsmasters_row_31aa9cc3b8\" class=\"cmsmasters_row cmsmasters_color_scheme_default cmsmasters_row_top_default cmsmasters_row_bot_default cmsmasters_row_fullwidth\">\n<div class=\"cmsmasters_row_outer_parent\">\n<div class=\"cmsmasters_row_outer\">\n<div class=\"cmsmasters_row_inner cmsmasters_row_fullwidth\">\n<div class=\"cmsmasters_row_margin\">\n<div id=\"cmsmasters_column_7930e4e65e\" class=\"cmsmasters_column one_first\">\n<div class=\"cmsmasters_column_inner\">\n<div class=\"cmsmasters_slider\">\n\t\t\t<!-- START BusnSisli REVOLUTION SLIDER 6.5.31 --><p class=\"rs-p-wp-fix\"><\/p>\n\t\t\t<rs-module-wrap id=\"rev_slider_9_1_wrapper\" data-source=\"gallery\" style=\"visibility:hidden;background:transparent;padding:0;margin:0px auto;margin-top:0;margin-bottom:0;\">\n\t\t\t\t<rs-module id=\"rev_slider_9_1\" style=\"\" data-version=\"6.5.31\">\n\t\t\t\t\t<rs-slides>\n\t\t\t\t\t\t<rs-slide style=\"position: absolute;\" data-key=\"rs-51\" data-title=\"Slide\" data-anim=\"d:50;ms:500ms;\" data-filter=\"b:2;\" data-in=\"o:0;x:(-20%);y:(-20%);sx:1.5;sy:1.5;m:true;row:6;\">\n\t\t\t\t\t\t\t<img decoding=\"async\" src=\"\/\/businesslifegunesli.com\/wp-content\/plugins\/revslider\/public\/assets\/assets\/dummy.png\" alt=\"\" title=\"sisli-dis2a\" width=\"1600\" height=\"1020\" class=\"rev-slidebg tp-rs-img rs-lazyload\" data-lazyload=\"\/\/businesslifegunesli.com\/wp-content\/uploads\/2023\/08\/sisli-dis2a.jpg\" data-no-retina>\n<!---->\t\t\t\t\t\t<\/rs-slide>\n\t\t\t\t\t\t<rs-slide style=\"position: absolute;\" data-key=\"rs-50\" data-title=\"Slide\" data-anim=\"d:50;ms:500ms;\" data-filter=\"b:2;\" data-in=\"o:0;x:(-20%);y:(-20%);sx:1.5;sy:1.5;m:true;row:6;\">\n\t\t\t\t\t\t\t<img decoding=\"async\" src=\"\/\/businesslifegunesli.com\/wp-content\/plugins\/revslider\/public\/assets\/assets\/dummy.png\" alt=\"\" title=\"sisli-resp1a\" width=\"1600\" height=\"1067\" class=\"rev-slidebg tp-rs-img rs-lazyload\" data-lazyload=\"\/\/businesslifegunesli.com\/wp-content\/uploads\/2023\/08\/sisli-resp1a.jpg\" data-no-retina>\n<!---->\t\t\t\t\t\t<\/rs-slide>\n\t\t\t\t\t\t<rs-slide style=\"position: absolute;\" data-key=\"rs-53\" data-title=\"Slide\" data-anim=\"d:50;ms:500ms;\" data-filter=\"b:2;\" data-in=\"o:0;x:(-20%);y:(-20%);sx:1.5;sy:1.5;m:true;row:6;\">\n\t\t\t\t\t\t\t<img decoding=\"async\" src=\"\/\/businesslifegunesli.com\/wp-content\/plugins\/revslider\/public\/assets\/assets\/dummy.png\" alt=\"\" title=\"\u015ei\u015fli35a\" width=\"1530\" height=\"1020\" class=\"rev-slidebg tp-rs-img rs-lazyload\" data-lazyload=\"\/\/businesslifegunesli.com\/wp-content\/uploads\/2023\/08\/Sisli35a.jpg\" data-no-retina>\n<!---->\t\t\t\t\t\t<\/rs-slide>\n\t\t\t\t\t\t<rs-slide style=\"position: absolute;\" data-key=\"rs-52\" data-title=\"Slide\" data-anim=\"d:50;ms:1000ms;\" data-filter=\"b:2;\" data-in=\"o:0;x:(-20%);y:(-20%);sx:1.5;sy:1.5;m:true;row:6;\">\n\t\t\t\t\t\t\t<img decoding=\"async\" src=\"\/\/businesslifegunesli.com\/wp-content\/plugins\/revslider\/public\/assets\/assets\/dummy.png\" alt=\"\" title=\"\u015ei\u015fli26a\" width=\"1600\" height=\"1067\" class=\"rev-slidebg tp-rs-img rs-lazyload\" data-lazyload=\"\/\/businesslifegunesli.com\/wp-content\/uploads\/2023\/08\/Sisli26a.jpg\" data-no-retina>\n<!---->\t\t\t\t\t\t<\/rs-slide>\n\t\t\t\t\t<\/rs-slides>\n\t\t\t\t<\/rs-module>\n\t\t\t\t<script>\n\t\t\t\t\tsetREVStartSize({c: 'rev_slider_9_1',rl:[1240,1024,778,480],el:[900,768,960,720],gw:[1240,1024,778,480],gh:[900,768,960,720],type:'standard',justify:'',layout:'fullwidth',mh:\"0\"});if (window.RS_MODULES!==undefined && window.RS_MODULES.modules!==undefined && window.RS_MODULES.modules[\"revslider91\"]!==undefined) {window.RS_MODULES.modules[\"revslider91\"].once = false;window.revapi9 = undefined;if (window.RS_MODULES.checkMinimal!==undefined) window.RS_MODULES.checkMinimal()}\n\t\t\t\t<\/script>\n\t\t\t<\/rs-module-wrap>\n\t\t\t<!-- END REVOLUTION SLIDER -->\n<\/div>\n<\/div><\/div>\n<\/div>\n<\/div>\n<\/div>\n<\/div>\n<\/div>\n<div id=\"cmsmasters_row_6vpyx2uk0a\" class=\"cmsmasters_row cmsmasters_color_scheme_default cmsmasters_row_top_default cmsmasters_row_bot_default cmsmasters_row_boxed\">\n<div class=\"cmsmasters_row_outer_parent\">\n<div class=\"cmsmasters_row_outer\">\n<div class=\"cmsmasters_row_inner\">\n<div class=\"cmsmasters_row_margin\">\n<div id=\"cmsmasters_column_q40bfl0l7\" class=\"cmsmasters_column one_first\">\n<div class=\"cmsmasters_column_inner\"><div id=\"cmsmasters_heading_kekrdshqco\" class=\"cmsmasters_heading_wrap cmsmasters_heading_align_center\">\n\t<h2 class=\"cmsmasters_heading\"><\/h2>\n<\/div>\n<\/div><\/div>\n<\/div>\n<\/div>\n<\/div>\n<\/div>\n<\/div>\n<div id=\"cmsmasters_row_4230c492f5\" class=\"cmsmasters_row cmsmasters_color_scheme_default cmsmasters_row_top_default cmsmasters_row_bot_default cmsmasters_row_boxed\">\n<div class=\"cmsmasters_row_outer_parent\">\n<div class=\"cmsmasters_row_outer\">\n<div class=\"cmsmasters_row_inner\">\n<div class=\"cmsmasters_row_margin\">\n<div id=\"cmsmasters_column_e4fa23546d\" class=\"cmsmasters_column one_first\">\n<div class=\"cmsmasters_column_inner\"><div id=\"cmsmasters_heading_ox0tzcwu8\" class=\"cmsmasters_heading_wrap cmsmasters_heading_align_center\">\n\t<h2 class=\"cmsmasters_heading\">WELCOME TO BUSINESS LIFE \u015e\u0130\u015eL\u0130<\/h2>\n<\/div><div id=\"cmsmasters_fb_0sjsffbwbm\" class=\"cmsmasters_featured_block\">\n<div class=\"featured_block_inner\">\n<div class=\"featured_block_text\">\n<div class=\"fusion-title title fusion-title-5 fusion-title-text fusion-title-size-two\">\n<p style=\"font-weight: 400; text-align: center;\">Business Life Hotel is located in \u015ei\u015fli\/Fulya the center of the modern city which was the heart of the business world, very close to major shopping malls one of the most exclusive districts of \u0130stanbul.<\/p>\n<p style=\"font-weight: 400; text-align: center;\">It serves as a specially designed city hotel in the distance.<\/p>\n<p style=\"font-weight: 400; text-align: center;\">Business Life Hotel has standard and superior rooms ranging from 30-45 m2, with a terrace of 75 m2.<\/p>\n<p style=\"font-weight: 400; text-align: center;\">It is a pleasant city hotel with a total of 33 rooms, including suite rooms. Hotel rooms are extremely spacious and brightly decorated.<\/p>\n<p style=\"font-weight: 400; text-align: center;\">Our rooms have a special work area, seating area, and bed designed for guests from the business world.<\/p>\n<p style=\"font-weight: 400; text-align: center;\">All details, including room space and large bathrooms, have been masterfully planned.<\/p>\n<\/div>\n\n<\/div>\n<\/div>\n<\/div>\n<\/div><\/div>\n<\/div>\n<\/div>\n<\/div>\n<\/div>\n<\/div>\n<div id=\"cmsmasters_row_54c9a92b73\" class=\"cmsmasters_row cmsmasters_color_scheme_default cmsmasters_row_top_default cmsmasters_row_bot_default cmsmasters_row_boxed\">\n<div class=\"cmsmasters_row_outer_parent\">\n<div class=\"cmsmasters_row_outer\">\n<div class=\"cmsmasters_row_inner\">\n<div class=\"cmsmasters_row_margin\">\n<div id=\"cmsmasters_column_f02afc2ab8\" class=\"cmsmasters_column one_third\">\n<div class=\"cmsmasters_column_inner\"><div id=\"cmsmasters_fb_2c4ebef079\" class=\"cmsmasters_featured_block\">\n<a href=\"https:\/\/tr.wikipedia.org\/wiki\/B%C3%BCy%C3%BCk_Mecidiye_Camii\" class=\"featured_block_link\" target=\"_blank\"><\/a><div class=\"featured_block_inner\">\n<div class=\"featured_block_text\"><\/div>\n<\/div>\n<\/div>\n<\/div><\/div>\n<div id=\"cmsmasters_column_2545d07583\" class=\"cmsmasters_column one_third\">\n<div class=\"cmsmasters_column_inner\"><div id=\"cmsmasters_fb_30f462d812\" class=\"cmsmasters_featured_block\">\n<a href=\"https:\/\/tr.wikipedia.org\/wiki\/Moda,_Kad%C4%B1k%C3%B6y\" class=\"featured_block_link\" target=\"_blank\"><\/a><div class=\"featured_block_inner\">\n<div class=\"featured_block_text\"><\/div>\n<\/div>\n<\/div>\n<\/div><\/div>\n<div id=\"cmsmasters_column_6f32b8b304\" class=\"cmsmasters_column one_third\">\n<div class=\"cmsmasters_column_inner\"><div id=\"cmsmasters_fb_008a6884c4\" class=\"cmsmasters_featured_block\">\n<a href=\"https:\/\/tr.wikipedia.org\/wiki\/Galata_Kulesi\" class=\"featured_block_link\" target=\"_blank\"><\/a><div class=\"featured_block_inner\">\n<div class=\"featured_block_text\"><\/div>\n<\/div>\n<\/div>\n<\/div><\/div>\n<\/div>\n<\/div>\n<\/div>\n<\/div>\n<\/div>\n<div id=\"cmsmasters_row_7c21fffe28\" class=\"cmsmasters_row cmsmasters_color_scheme_default cmsmasters_row_top_default cmsmasters_row_bot_default cmsmasters_row_boxed\">\n<div class=\"cmsmasters_row_outer_parent\">\n<div class=\"cmsmasters_row_outer\">\n<div class=\"cmsmasters_row_inner\">\n<div class=\"cmsmasters_row_margin\">\n<div id=\"cmsmasters_column_a318012580\" class=\"cmsmasters_column one_first\">\n<div class=\"cmsmasters_column_inner\"><div id=\"cmsmasters_heading_9bee934291\" class=\"cmsmasters_heading_wrap cmsmasters_heading_align_center\">\n\t<h3 class=\"cmsmasters_heading\"><\/h3>\n<\/div><div id=\"cmsmasters_heading_4dc8f85b10\" class=\"cmsmasters_heading_wrap cmsmasters_heading_align_center\">\n\t<h3 class=\"cmsmasters_heading\">ROOMS &amp; SUITS<\/h3>\n<\/div>\n<div class=\"cmsmasters_slider\">\n\t\t\t<!-- START Slider 6 REVOLUTION SLIDER 6.5.31 --><p class=\"rs-p-wp-fix\"><\/p>\n\t\t\t<rs-module-wrap id=\"rev_slider_14_2_wrapper\" data-source=\"gallery\" style=\"visibility:hidden;background:transparent;padding:0;margin:0px auto;margin-top:0;margin-bottom:0;\">\n\t\t\t\t<rs-module id=\"rev_slider_14_2\" style=\"\" data-version=\"6.5.31\">\n\t\t\t\t\t<rs-slides>\n\t\t\t\t\t\t<rs-slide style=\"position: absolute;\" data-key=\"rs-68\" data-title=\"Slide\" data-thumb=\"\/\/businesslifegunesli.com\/wp-content\/uploads\/2023\/08\/EXE-1a-layer-50x100.jpg\" data-anim=\"f:slidebased;\" data-in=\"o:1;x:(100%);m:true;col:5;\">\n\t\t\t\t\t\t\t<img decoding=\"async\" src=\"\/\/businesslifegunesli.com\/wp-content\/plugins\/revslider\/public\/assets\/assets\/dummy.png\" alt=\"\" title=\"EXE-1a-layer\" width=\"1600\" height=\"1067\" class=\"rev-slidebg tp-rs-img rs-lazyload\" data-lazyload=\"\/\/businesslifegunesli.com\/wp-content\/uploads\/2023\/08\/EXE-1a-layer.jpg\" data-bg=\"f:contain;\" data-no-retina>\n<!---->\t\t\t\t\t\t<\/rs-slide>\n\t\t\t\t\t\t<rs-slide style=\"position: absolute;\" data-key=\"rs-70\" data-title=\"Slide\" data-thumb=\"\/\/businesslifegunesli.com\/wp-content\/uploads\/2023\/08\/family-layer-50x100.jpg\" data-anim=\"d:10;f:slidebased;\" data-in=\"o:1;x:(100%);m:true;col:5;\">\n\t\t\t\t\t\t\t<img decoding=\"async\" src=\"\/\/businesslifegunesli.com\/wp-content\/plugins\/revslider\/public\/assets\/assets\/dummy.png\" alt=\"\" title=\"family-layer\" width=\"1600\" height=\"1067\" class=\"rev-slidebg tp-rs-img rs-lazyload\" data-lazyload=\"\/\/businesslifegunesli.com\/wp-content\/uploads\/2023\/08\/family-layer.jpg\" data-bg=\"f:contain;\" data-no-retina>\n<!---->\t\t\t\t\t\t<\/rs-slide>\n\t\t\t\t\t\t<rs-slide style=\"position: absolute;\" data-key=\"rs-69\" data-title=\"Slide\" data-thumb=\"\/\/businesslifegunesli.com\/wp-content\/uploads\/2023\/08\/SUPR-layer-50x100.jpg\" data-anim=\"d:10;f:slidebased;\" data-in=\"o:1;x:(100%);m:true;col:5;\">\n\t\t\t\t\t\t\t<img decoding=\"async\" src=\"\/\/businesslifegunesli.com\/wp-content\/plugins\/revslider\/public\/assets\/assets\/dummy.png\" alt=\"\" title=\"SUPR-layer\" width=\"1600\" height=\"1067\" class=\"rev-slidebg tp-rs-img rs-lazyload\" data-lazyload=\"\/\/businesslifegunesli.com\/wp-content\/uploads\/2023\/08\/SUPR-layer.jpg\" data-bg=\"f:contain;\" data-no-retina>\n<!---->\t\t\t\t\t\t<\/rs-slide>\n\t\t\t\t\t\t<rs-slide style=\"position: absolute;\" data-key=\"rs-71\" data-title=\"Slide\" data-thumb=\"\/\/businesslifegunesli.com\/wp-content\/uploads\/2023\/08\/stnd-tw-layer-1-50x100.jpg\" data-anim=\"d:10;f:slidebased;\" data-in=\"o:1;x:(100%);m:true;col:5;\">\n\t\t\t\t\t\t\t<img decoding=\"async\" src=\"\/\/businesslifegunesli.com\/wp-content\/plugins\/revslider\/public\/assets\/assets\/dummy.png\" alt=\"\" title=\"stnd-tw-layer\" width=\"1600\" height=\"1067\" class=\"rev-slidebg tp-rs-img rs-lazyload\" data-lazyload=\"\/\/businesslifegunesli.com\/wp-content\/uploads\/2023\/08\/stnd-tw-layer-1.jpg\" data-bg=\"f:contain;\" data-no-retina>\n<!---->\t\t\t\t\t\t<\/rs-slide>\n\t\t\t\t\t\t<rs-slide style=\"position: absolute;\" data-key=\"rs-73\" data-title=\"Slide\" data-thumb=\"\/\/businesslifegunesli.com\/wp-content\/uploads\/2023\/09\/stnd-frcn-layer-50x100.jpg\" data-anim=\"d:10;f:slidebased;\" data-in=\"o:1;x:(100%);m:true;col:5;\" data-hsom=\"on\">\n\t\t\t\t\t\t\t<img decoding=\"async\" src=\"\/\/businesslifegunesli.com\/wp-content\/plugins\/revslider\/public\/assets\/assets\/dummy.png\" alt=\"\" title=\"stnd-frcn-layer\" width=\"1600\" height=\"1067\" class=\"rev-slidebg tp-rs-img rs-lazyload\" data-lazyload=\"\/\/businesslifegunesli.com\/wp-content\/uploads\/2023\/09\/stnd-frcn-layer.jpg\" data-bg=\"f:contain;\" data-no-retina>\n<!---->\t\t\t\t\t\t<\/rs-slide>\n\t\t\t\t\t<\/rs-slides>\n\t\t\t\t<\/rs-module>\n\t\t\t\t<script>\n\t\t\t\t\tsetREVStartSize({c: 'rev_slider_14_2',rl:[1240,1024,778,480],el:[900,768,960,720],gw:[1240,1024,778,480],gh:[900,768,960,720],type:'standard',justify:'',layout:'fullwidth',mh:\"0\"});if (window.RS_MODULES!==undefined && window.RS_MODULES.modules!==undefined && window.RS_MODULES.modules[\"revslider142\"]!==undefined) {window.RS_MODULES.modules[\"revslider142\"].once = false;window.revapi14 = undefined;if (window.RS_MODULES.checkMinimal!==undefined) window.RS_MODULES.checkMinimal()}\n\t\t\t\t<\/script>\n\t\t\t<\/rs-module-wrap>\n\t\t\t<!-- END REVOLUTION SLIDER -->\n<\/div>\n<\/div><\/div>\n<\/div>\n<\/div>\n<\/div>\n<\/div>\n<\/div>\n<div id=\"cmsmasters_row_c0a6e04ffc\" class=\"cmsmasters_row cmsmasters_color_scheme_default cmsmasters_row_top_default cmsmasters_row_bot_default cmsmasters_row_boxed\">\n<div class=\"cmsmasters_row_outer_parent\">\n<div class=\"cmsmasters_row_outer\">\n<div class=\"cmsmasters_row_inner\">\n<div class=\"cmsmasters_row_margin\">\n<div id=\"cmsmasters_column_9f95365fd2\" class=\"cmsmasters_column one_first\">\n<div class=\"cmsmasters_column_inner\"><\/div><\/div>\n<\/div>\n<\/div>\n<\/div>\n<\/div>\n<\/div>\n<div id=\"cmsmasters_row_41e40f680c\" class=\"cmsmasters_row cmsmasters_color_scheme_default cmsmasters_row_top_default cmsmasters_row_bot_default cmsmasters_row_boxed\">\n<div class=\"cmsmasters_row_outer_parent\">\n<div class=\"cmsmasters_row_outer\">\n<div class=\"cmsmasters_row_inner cmsmasters_row_no_margin\">\n<div class=\"cmsmasters_row_margin\">\n<div id=\"cmsmasters_column_de276ee1f7\" class=\"cmsmasters_column one_fourth\">\n<div class=\"cmsmasters_column_inner\"><div id=\"cmsmasters_fb_ef07ee5e3c\" class=\"cmsmasters_featured_block\">\n<div class=\"featured_block_inner\">\n<div class=\"featured_block_text\">\n<h4 class=\"m_8243996619508742853MsoListParagraph\"><strong><span style=\"vertical-align: inherit;\"><span style=\"vertical-align: inherit;\"><span style=\"vertical-align: inherit;\"><span style=\"vertical-align: inherit;\"><span style=\"vertical-align: inherit;\"><span style=\"vertical-align: inherit;\"><span style=\"vertical-align: inherit;\"><span style=\"vertical-align: inherit;\"><span style=\"vertical-align: inherit;\"><span style=\"vertical-align: inherit;\"><span style=\"vertical-align: inherit;\"><span style=\"vertical-align: inherit;\"><span style=\"vertical-align: inherit;\"><span style=\"vertical-align: inherit;\"><span style=\"vertical-align: inherit;\"><span style=\"vertical-align: inherit;\"><br \/>\nFOOD AND BEVERAGE<br \/>\n<\/span><\/span><\/span><\/span><\/span><\/span><\/span><\/span><\/span><\/span><\/span><\/span><\/span><\/span><\/span><\/span><\/strong><u><\/u><\/h4>\n<p class=\"m_8243996619508742853MsoListParagraph\">You could have enjoyable time in our terrace after having open buffet breakfast,<br \/>\nthat was prepared rich and tasty options<\/p>\n<p>&nbsp;<\/p>\n\n<\/div>\n<\/div>\n<\/div>\n<\/div><\/div>\n<div id=\"cmsmasters_column_5bd3d48633\" class=\"cmsmasters_column one_fourth\">\n<div class=\"cmsmasters_column_inner\"><div id=\"cmsmasters_fb_e81afc63a2\" class=\"cmsmasters_featured_block\">\n<div class=\"featured_block_inner\">\n<div class=\"featured_block_text\"><\/div>\n<\/div>\n<\/div>\n<div id=\"cmsmasters_divider_lpvxhkp4vr\" class=\"cmsmasters_divider cmsmasters_divider_width_long cmsmasters_divider_pos_center\"><\/div>\n<\/div><\/div>\n<div id=\"cmsmasters_column_6b1becd0fb\" class=\"cmsmasters_column one_fourth\">\n<div class=\"cmsmasters_column_inner\"><div id=\"cmsmasters_fb_659c48ffe6\" class=\"cmsmasters_featured_block\">\n<div class=\"featured_block_inner\">\n<div class=\"featured_block_text\"><\/div>\n<\/div>\n<\/div>\n<div id=\"cmsmasters_divider_uceud4pgve\" class=\"cmsmasters_divider cmsmasters_divider_width_long cmsmasters_divider_pos_center\"><\/div>\n<\/div><\/div>\n<div id=\"cmsmasters_column_458e72cdbb\" class=\"cmsmasters_column one_fourth\">\n<div class=\"cmsmasters_column_inner\"><div id=\"cmsmasters_fb_725e32fff3\" class=\"cmsmasters_featured_block\">\n<div class=\"featured_block_inner\">\n<div class=\"featured_block_text\"><\/div>\n<\/div>\n<\/div>\n<div id=\"cmsmasters_divider_80y2ntoyc\" class=\"cmsmasters_divider cmsmasters_divider_width_long cmsmasters_divider_pos_center\"><\/div>\n<\/div><\/div>\n<\/div>\n<\/div>\n<\/div>\n<\/div>\n<\/div>\n<div id=\"cmsmasters_row_u16j54ians\" class=\"cmsmasters_row cmsmasters_color_scheme_default cmsmasters_row_top_default cmsmasters_row_bot_default cmsmasters_row_boxed\">\n<div class=\"cmsmasters_row_outer_parent\">\n<div class=\"cmsmasters_row_outer\">\n<div class=\"cmsmasters_row_inner cmsmasters_row_no_margin\">\n<div class=\"cmsmasters_row_margin\">\n<div id=\"cmsmasters_column_ytdpv5xrm5\" class=\"cmsmasters_column one_fourth\">\n<div class=\"cmsmasters_column_inner\"><div id=\"cmsmasters_fb_680b6slgz7\" class=\"cmsmasters_featured_block\">\n<div class=\"featured_block_inner\">\n<div class=\"featured_block_text\">\n<h4 class=\"m_8243996619508742853MsoListParagraph\"><strong><br \/>\nSPA&amp;MASSAGE<br \/>\n<\/strong><u><\/u><\/h4>\n<p class=\"m_8243996619508742853MsoListParagraph\">Business Life Hotel SPA waiting you where you could have enjoyable time<br \/>\nand refresh yourself with turkish bath, sauna and massage service.<\/p>\n<p>&nbsp;<\/p>\n\n<\/div>\n<\/div>\n<\/div>\n<\/div><\/div>\n<div id=\"cmsmasters_column_lw8vnza1ss\" class=\"cmsmasters_column one_fourth\">\n<div class=\"cmsmasters_column_inner\"><div id=\"cmsmasters_fb_jostow925i\" class=\"cmsmasters_featured_block\">\n<div class=\"featured_block_inner\">\n<div class=\"featured_block_text\"><\/div>\n<\/div>\n<\/div>\n<div id=\"cmsmasters_divider_j1lcu8s5i\" class=\"cmsmasters_divider cmsmasters_divider_width_long cmsmasters_divider_pos_center\"><\/div>\n<\/div><\/div>\n<div id=\"cmsmasters_column_hz4xd78qw\" class=\"cmsmasters_column one_fourth\">\n<div class=\"cmsmasters_column_inner\"><div id=\"cmsmasters_fb_026o6sbcer\" class=\"cmsmasters_featured_block\">\n<div class=\"featured_block_inner\">\n<div class=\"featured_block_text\"><\/div>\n<\/div>\n<\/div>\n<div id=\"cmsmasters_divider_d460hjez3g\" class=\"cmsmasters_divider cmsmasters_divider_width_long cmsmasters_divider_pos_center\"><\/div>\n<\/div><\/div>\n<div id=\"cmsmasters_column_r98pwdfcw\" class=\"cmsmasters_column one_fourth\">\n<div class=\"cmsmasters_column_inner\"><div id=\"cmsmasters_fb_ta40k5nw2o\" class=\"cmsmasters_featured_block\">\n<div class=\"featured_block_inner\">\n<div class=\"featured_block_text\"><\/div>\n<\/div>\n<\/div>\n<div id=\"cmsmasters_divider_dbpj5wyeg\" class=\"cmsmasters_divider cmsmasters_divider_width_long cmsmasters_divider_pos_center\"><\/div>\n<\/div><\/div>\n<\/div>\n<\/div>\n<\/div>\n<\/div>\n<\/div>\n<div id=\"cmsmasters_row_1b8c6e768d\" class=\"cmsmasters_row cmsmasters_color_scheme_default cmsmasters_row_top_default cmsmasters_row_bot_default cmsmasters_row_boxed\">\n<div class=\"cmsmasters_row_outer_parent\">\n<div class=\"cmsmasters_row_outer\">\n<div class=\"cmsmasters_row_inner\">\n<div class=\"cmsmasters_row_margin\">\n<div id=\"cmsmasters_column_150d09df36\" class=\"cmsmasters_column one_first\">\n<div class=\"cmsmasters_column_inner\"><div class=\"cmsmasters_clients_grid_wrap\">\n<div id=\"cmsmasters_clients_9c2138fda3\" class=\"cmsmasters_clients_grid clients_five\">\n<div class=\"cmsmasters_clients_items slides\">\n<div class=\"cmsmasters_clients_item item\"><img decoding=\"async\" src=\"https:\/\/businesslifegunesli.com\/wp-content\/uploads\/2023\/09\/sisli-logo-sml1.jpg\" alt=\"Hotel Awards\" title=\"Hotel Awards\" \/><\/div><div class=\"cmsmasters_clients_item item\"><img decoding=\"async\" src=\"https:\/\/businesslifegunesli.com\/wp-content\/uploads\/2023\/08\/booking-sisli-sml.jpg\" alt=\"Travellers Choice\" title=\"Travellers Choice\" \/><\/div><div class=\"cmsmasters_clients_item item\"><img decoding=\"async\" src=\"https:\/\/businesslifegunesli.com\/wp-content\/uploads\/2023\/08\/safe2.jpg\" alt=\"World Luxury Spa\" title=\"World Luxury Spa\" \/><\/div><div class=\"cmsmasters_clients_item item\"><a href=\"http:\/\/www.businesslifehotels.com\" target=\"_blank\"><img decoding=\"async\" src=\"https:\/\/businesslifegunesli.com\/wp-content\/uploads\/2023\/08\/bus-life-logo-trns.png\" alt=\"Hotel Design\" title=\"Hotel Design\" \/><\/a><\/div><div class=\"cmsmasters_clients_item item\"><a href=\"https:\/\/1tr.co\/\" target=\"_blank\"><img decoding=\"async\" src=\"https:\/\/businesslifegunesli.com\/wp-content\/uploads\/2023\/08\/aj-logo-sml.jpg\" alt=\"Hotel Design\" title=\"Hotel Design\" \/><\/a><\/div><\/div>\n<\/div>\n<\/div>\n<\/div><\/div>\n<\/div>\n<\/div>\n<\/div>\n<\/div>\n<\/div>\n<div id=\"cmsmasters_row_bo3jns7jt8\" class=\"cmsmasters_row cmsmasters_color_scheme_default cmsmasters_row_top_default cmsmasters_row_bot_default cmsmasters_row_boxed\">\n<div class=\"cmsmasters_row_outer_parent\">\n<div class=\"cmsmasters_row_outer\">\n<div class=\"cmsmasters_row_inner\">\n<div class=\"cmsmasters_row_margin\">\n<div id=\"cmsmasters_column_4e5kg1b1ud\" class=\"cmsmasters_column one_first\">\n<div class=\"cmsmasters_column_inner\"><\/div><\/div>\n<\/div>\n<\/div>\n<\/div>\n<\/div>\n<\/div>\n\n","protected":false},"excerpt":{"rendered":"","protected":false},"author":3,"featured_media":0,"parent":0,"menu_order":0,"comment_status":"closed","ping_status":"closed","template":"","meta":{"footnotes":""},"class_list":["post-15231","page","type-page","status-publish","hentry"],"_links":{"self":[{"href":"https:\/\/businesslifegunesli.com\/index.php\/wp-json\/wp\/v2\/pages\/15231","targetHints":{"allow":["GET"]}}],"collection":[{"href":"https:\/\/businesslifegunesli.com\/index.php\/wp-json\/wp\/v2\/pages"}],"about":[{"href":"https:\/\/businesslifegunesli.com\/index.php\/wp-json\/wp\/v2\/types\/page"}],"author":[{"embeddable":true,"href":"https:\/\/businesslifegunesli.com\/index.php\/wp-json\/wp\/v2\/users\/3"}],"replies":[{"embeddable":true,"href":"https:\/\/businesslifegunesli.com\/index.php\/wp-json\/wp\/v2\/comments?post=15231"}],"version-history":[{"count":3,"href":"https:\/\/businesslifegunesli.com\/index.php\/wp-json\/wp\/v2\/pages\/15231\/revisions"}],"predecessor-version":[{"id":15235,"href":"https:\/\/businesslifegunesli.com\/index.php\/wp-json\/wp\/v2\/pages\/15231\/revisions\/15235"}],"wp:attachment":[{"href":"https:\/\/businesslifegunesli.com\/index.php\/wp-json\/wp\/v2\/media?parent=15231"}],"curies":[{"name":"wp","href":"https:\/\/api.w.org\/{rel}","templated":true}]}}