{"id":270,"date":"2015-04-16T11:05:18","date_gmt":"2015-04-16T11:05:18","guid":{"rendered":"http:\/\/welfare.cmsmasters.net\/?page_id=270"},"modified":"2023-09-23T18:41:33","modified_gmt":"2023-09-23T15:41:33","slug":"lokasyon","status":"publish","type":"page","link":"https:\/\/businesslifegunesli.com\/index.php\/lokasyon\/","title":{"rendered":"Lokasyon"},"content":{"rendered":"<div id=\"cmsmasters_row_de2af98839\" class=\"cmsmasters_row cmsmasters_color_scheme_default cmsmasters_row_top_default cmsmasters_row_bot_default cmsmasters_row_boxed\">\n<div class=\"cmsmasters_row_outer_parent\">\n<div class=\"cmsmasters_row_outer\">\n<div class=\"cmsmasters_row_inner\">\n<div class=\"cmsmasters_row_margin\">\n<div id=\"cmsmasters_column_87d196b1f0\" class=\"cmsmasters_column one_first\">\n<div class=\"cmsmasters_column_inner\"><div class=\"cmsmasters_text\">\n<p style=\"font-weight: 400; text-align: center;\">\u201cBir\u00e7ok toplu ula\u015f\u0131m arac\u0131na y\u00fcr\u00fcme mesafesi kadar yak\u0131n bir lokasyonda konumlanm\u0131\u015f olan Business<br \/>\nLife Hotel, konforlu ve kaliteli hizmet anlay\u0131\u015f\u0131 ve profesyonel ekibi ile siz de\u011ferli misafirlerini<br \/>\na\u011f\u0131rlamaya devam etmektedir.&#8221;<\/p>\n<p style=\"font-weight: 400; text-align: center;\">Otelimiz \u0130stanbul Havaliman\u0131&#8217;na 20 km,<br \/>\nSabiha G\u00f6k\u00e7en Havaliman\u0131&#8217;na 45 km uzakl\u0131ktad\u0131r.<br \/>\nBe\u015fikta\u015fVapur \u0130skelesi otele 3 km ,<br \/>\nMecidiyek\u00f6y Metrob\u00fcs ve Metro Hatlar\u0131na y\u00fcr\u00fcy\u00fc\u015f mesafesindedir.<\/p>\n<\/div>\n<\/div><\/div>\n<\/div>\n<\/div>\n<\/div>\n<\/div>\n<\/div>\n<div id=\"cmsmasters_row_c10a923d2a\" class=\"cmsmasters_row cmsmasters_color_scheme_default cmsmasters_row_top_default cmsmasters_row_bot_default cmsmasters_row_boxed\">\n<div class=\"cmsmasters_row_outer_parent\">\n<div class=\"cmsmasters_row_outer\">\n<div class=\"cmsmasters_row_inner\">\n<div class=\"cmsmasters_row_margin\">\n<div id=\"cmsmasters_column_f9ba81ddfe\" class=\"cmsmasters_column one_first\">\n<div class=\"cmsmasters_column_inner\">\n<div id=\"cmsmasters_divider_fb68c9be6d\" class=\"cmsmasters_divider cmsmasters_divider_width_long cmsmasters_divider_pos_center\"><\/div>\n<\/div><\/div>\n<\/div>\n<\/div>\n<\/div>\n<\/div>\n<\/div>\n<div id=\"cmsmasters_row_15c4e7ce1a\" class=\"cmsmasters_row cmsmasters_color_scheme_default cmsmasters_row_top_default cmsmasters_row_bot_default cmsmasters_row_boxed\">\n<div class=\"cmsmasters_row_outer_parent\">\n<div class=\"cmsmasters_row_outer\">\n<div class=\"cmsmasters_row_inner\">\n<div class=\"cmsmasters_row_margin\">\n<div id=\"cmsmasters_column_952a8fe86e\" class=\"cmsmasters_column one_third\">\n<div class=\"cmsmasters_column_inner\"><div id=\"cmsmasters_heading_imq389ftrk\" class=\"cmsmasters_heading_wrap cmsmasters_heading_align_center\">\n\t<h2 class=\"cmsmasters_heading\">IDO<\/h2>\n<\/div><div class=\"cmsmasters_img  cmsmasters_image_n\"><a href=\"https:\/\/www.ido.com.tr\/\" target=\"_blank\"><img decoding=\"async\" src=\"https:\/\/businesslifegunesli.com\/wp-content\/uploads\/2023\/08\/ido-580x420.jpg\" \/><\/a><\/div>\n<\/div><\/div>\n<div id=\"cmsmasters_column_ghhmssqai8\" class=\"cmsmasters_column one_third\">\n<div class=\"cmsmasters_column_inner\"><div id=\"cmsmasters_heading_elw9qs72c\" class=\"cmsmasters_heading_wrap cmsmasters_heading_align_center\">\n\t<h2 class=\"cmsmasters_heading\">Metro Hatt\u0131<\/h2>\n<\/div><div class=\"cmsmasters_img  cmsmasters_image_n\"><a href=\"https:\/\/www.metro.istanbul\/\" target=\"_blank\"><img decoding=\"async\" src=\"https:\/\/businesslifegunesli.com\/wp-content\/uploads\/2023\/08\/istanbul-ulasim-buyuk-ag-haritasi-2023-580x420.jpg\" \/><\/a><\/div>\n<\/div><\/div>\n<div id=\"cmsmasters_column_m60960rcip\" class=\"cmsmasters_column one_third\">\n<div class=\"cmsmasters_column_inner\"><div id=\"cmsmasters_heading_v1tffpac95\" class=\"cmsmasters_heading_wrap cmsmasters_heading_align_center\">\n\t<h2 class=\"cmsmasters_heading\">Marmaray<\/h2>\n<\/div><div class=\"cmsmasters_img  cmsmasters_image_n\"><a href=\"https:\/\/www.tcddtasimacilik.gov.tr\/marmaray\/tr\/gunluk_tren_saatleri\" target=\"_blank\"><img decoding=\"async\" src=\"https:\/\/businesslifegunesli.com\/wp-content\/uploads\/2023\/08\/Marmaray-haritasi-scaled-1-580x420.jpg\" \/><\/a><\/div>\n<\/div><\/div>\n<\/div>\n<\/div>\n<\/div>\n<\/div>\n<\/div>\n<div id=\"cmsmasters_row_e0hxxs0atp\" class=\"cmsmasters_row cmsmasters_color_scheme_default cmsmasters_row_top_default cmsmasters_row_bot_default cmsmasters_row_boxed\">\n<div class=\"cmsmasters_row_outer_parent\">\n<div class=\"cmsmasters_row_outer\">\n<div class=\"cmsmasters_row_inner\">\n<div class=\"cmsmasters_row_margin\">\n<div id=\"cmsmasters_column_4o79s2t89k\" class=\"cmsmasters_column one_first\">\n<div class=\"cmsmasters_column_inner\"><\/div><\/div>\n<\/div>\n<\/div>\n<\/div>\n<\/div>\n<\/div>\n<div id=\"cmsmasters_row_46u2xsr3s\" class=\"cmsmasters_row cmsmasters_color_scheme_default cmsmasters_row_top_default cmsmasters_row_bot_default cmsmasters_row_boxed\">\n<div class=\"cmsmasters_row_outer_parent\">\n<div class=\"cmsmasters_row_outer\">\n<div class=\"cmsmasters_row_inner\">\n<div class=\"cmsmasters_row_margin\">\n<div id=\"cmsmasters_column_b03hz948n4\" class=\"cmsmasters_column one_first\">\n<div class=\"cmsmasters_column_inner\"><\/div><\/div>\n<\/div>\n<\/div>\n<\/div>\n<\/div>\n<\/div>\n\n","protected":false},"excerpt":{"rendered":"","protected":false},"author":3,"featured_media":0,"parent":0,"menu_order":0,"comment_status":"closed","ping_status":"open","template":"","meta":{"footnotes":""},"class_list":["post-270","page","type-page","status-publish","hentry"],"_links":{"self":[{"href":"https:\/\/businesslifegunesli.com\/index.php\/wp-json\/wp\/v2\/pages\/270","targetHints":{"allow":["GET"]}}],"collection":[{"href":"https:\/\/businesslifegunesli.com\/index.php\/wp-json\/wp\/v2\/pages"}],"about":[{"href":"https:\/\/businesslifegunesli.com\/index.php\/wp-json\/wp\/v2\/types\/page"}],"author":[{"embeddable":true,"href":"https:\/\/businesslifegunesli.com\/index.php\/wp-json\/wp\/v2\/users\/3"}],"replies":[{"embeddable":true,"href":"https:\/\/businesslifegunesli.com\/index.php\/wp-json\/wp\/v2\/comments?post=270"}],"version-history":[{"count":12,"href":"https:\/\/businesslifegunesli.com\/index.php\/wp-json\/wp\/v2\/pages\/270\/revisions"}],"predecessor-version":[{"id":15215,"href":"https:\/\/businesslifegunesli.com\/index.php\/wp-json\/wp\/v2\/pages\/270\/revisions\/15215"}],"wp:attachment":[{"href":"https:\/\/businesslifegunesli.com\/index.php\/wp-json\/wp\/v2\/media?parent=270"}],"curies":[{"name":"wp","href":"https:\/\/api.w.org\/{rel}","templated":true}]}}